{"id":119,"date":"2022-01-13T11:01:10","date_gmt":"2022-01-13T11:01:10","guid":{"rendered":"https:\/\/biterna.cat\/?page_id=119"},"modified":"2022-02-01T17:35:21","modified_gmt":"2022-02-01T17:35:21","slug":"terrassa-espirita","status":"publish","type":"page","link":"https:\/\/biterna.cat\/es\/terrassa-espirita\/","title":{"rendered":"Terrassa esp\u00edrita"},"content":{"rendered":"<p style=\"text-align: center;\"><img loading=\"lazy\" decoding=\"async\" class=\"aligncenter wp-image-597 size-full\" src=\"https:\/\/biterna.cat\/wp-content\/uploads\/2022\/02\/TerrassaEspirita.png\" alt=\"\" width=\"488\" height=\"82\" srcset=\"https:\/\/biterna.cat\/wp-content\/uploads\/2022\/02\/TerrassaEspirita.png 488w, https:\/\/biterna.cat\/wp-content\/uploads\/2022\/02\/TerrassaEspirita-300x50.png 300w, https:\/\/biterna.cat\/wp-content\/uploads\/2022\/02\/TerrassaEspirita-18x3.png 18w\" sizes=\"auto, (max-width: 488px) 100vw, 488px\" \/><\/p>\n<h3 style=\"text-align: center;\"><strong>Un &#8220;<span class=\"hiddenGreenError\">escape<\/span> box <span class=\"hiddenSpellError\">city<\/span>ambientado en el espiritismo terrassense.<\/strong><\/h3>\n<p style=\"text-align: justify;\"><strong>Terrassa Esp\u00edrita<\/strong> es un juego port\u00e1til con din\u00e1micas de tipo \u201cescape room urbano\u201d ambientado en el contexto del espiritismo terrassense de principios de siglo XX.<\/p>\n<p style=\"text-align: center;\"><img loading=\"lazy\" decoding=\"async\" class=\"aligncenter wp-image-531\" src=\"https:\/\/biterna.cat\/wp-content\/uploads\/2022\/01\/TerrassaEspirita.jpg\" alt=\"\" width=\"400\" height=\"300\" srcset=\"https:\/\/biterna.cat\/wp-content\/uploads\/2022\/01\/TerrassaEspirita.jpg 473w, https:\/\/biterna.cat\/wp-content\/uploads\/2022\/01\/TerrassaEspirita-300x225.jpg 300w, https:\/\/biterna.cat\/wp-content\/uploads\/2022\/01\/TerrassaEspirita-16x12.jpg 16w\" sizes=\"auto, (max-width: 400px) 100vw, 400px\" \/><\/p>\n<p style=\"text-align: justify;\">La caja del juego contiene una serie de sobres con juegos de ingenio en el interior que los jugadores tendr\u00e1n que resolver en una localizaci\u00f3n concreta. Los jugadores podr\u00e1n resolver los juegos de forma aut\u00f3noma y comprobar el \u00e9xito de sus deducciones con un libreto de soluciones.<\/p>\n<p style=\"text-align: center;\"><img loading=\"lazy\" decoding=\"async\" class=\"aligncenter wp-image-533\" src=\"https:\/\/biterna.cat\/wp-content\/uploads\/2022\/01\/Espiritisme01.jpg\" alt=\"\" width=\"400\" height=\"567\" srcset=\"https:\/\/biterna.cat\/wp-content\/uploads\/2022\/01\/Espiritisme01.jpg 423w, https:\/\/biterna.cat\/wp-content\/uploads\/2022\/01\/Espiritisme01-212x300.jpg 212w, https:\/\/biterna.cat\/wp-content\/uploads\/2022\/01\/Espiritisme01-8x12.jpg 8w\" sizes=\"auto, (max-width: 400px) 100vw, 400px\" \/><\/p>\n<p style=\"text-align: justify;\">El juego incorpora una \"gu\u00eda espiritista\" que pondr\u00e1 en contexto a los jugadores, ampliando sus conocimientos en este \u00e1mbito. Se ha cuidado especialmente la documentaci\u00f3n y el tratamiento del tema, incluyendo temario social y de g\u00e9nero.<\/p>\n<p style=\"text-align: center;\"><img loading=\"lazy\" decoding=\"async\" class=\"aligncenter wp-image-553\" src=\"https:\/\/biterna.cat\/wp-content\/uploads\/2022\/01\/Filigrana-1-300x85.png\" alt=\"\" width=\"100\" height=\"28\" srcset=\"https:\/\/biterna.cat\/wp-content\/uploads\/2022\/01\/Filigrana-1-300x85.png 300w, https:\/\/biterna.cat\/wp-content\/uploads\/2022\/01\/Filigrana-1-18x5.png 18w, https:\/\/biterna.cat\/wp-content\/uploads\/2022\/01\/Filigrana-1.png 450w\" sizes=\"auto, (max-width: 100px) 100vw, 100px\" \/><\/p>","protected":false},"excerpt":{"rendered":"<p>Un &#8220;escape box city&#8221; ambientat en l&#8217;espiritisme terrassenc. Terrassa Esp\u00edrita \u00e9s un joc port\u00e0til amb din\u00e0miques de tipus \u00abescape room urb\u00e0\u00bb ambientat en el context del espiritisme terrassenc de principis&hellip;<\/p>","protected":false},"author":1,"featured_media":0,"parent":0,"menu_order":0,"comment_status":"closed","ping_status":"closed","template":"","meta":{"om_disable_all_campaigns":false,"ngg_post_thumbnail":0,"footnotes":""},"class_list":["post-119","page","type-page","status-publish","hentry"],"yoast_head":"<!-- This site is optimized with the Yoast SEO plugin v27.2 - https:\/\/yoast.com\/product\/yoast-seo-wordpress\/ -->\n<title>Terrassa esp\u00edrita - Biterna<\/title>\n<meta name=\"robots\" content=\"index, follow, max-snippet:-1, max-image-preview:large, max-video-preview:-1\" \/>\n<link rel=\"canonical\" href=\"https:\/\/biterna.cat\/es\/terrassa-espirita\/\" \/>\n<meta property=\"og:locale\" content=\"es_ES\" \/>\n<meta property=\"og:type\" content=\"article\" \/>\n<meta property=\"og:title\" content=\"Terrassa esp\u00edrita - Biterna\" \/>\n<meta property=\"og:description\" content=\"Un &#8220;escape box city&#8221; ambientat en l&#8217;espiritisme terrassenc. Terrassa Esp\u00edrita \u00e9s un joc port\u00e0til amb din\u00e0miques de tipus \u00abescape room urb\u00e0\u00bb ambientat en el context del espiritisme terrassenc de principis&hellip;\" \/>\n<meta property=\"og:url\" content=\"https:\/\/biterna.cat\/es\/terrassa-espirita\/\" \/>\n<meta property=\"og:site_name\" content=\"Biterna\" \/>\n<meta property=\"article:modified_time\" content=\"2022-02-01T17:35:21+00:00\" \/>\n<meta property=\"og:image\" content=\"https:\/\/biterna.cat\/wp-content\/uploads\/2022\/02\/TerrassaEspirita.png\" \/>\n<meta name=\"twitter:card\" content=\"summary_large_image\" \/>\n<meta name=\"twitter:label1\" content=\"Tiempo de lectura\" \/>\n\t<meta name=\"twitter:data1\" content=\"2 minutos\" \/>\n<script type=\"application\/ld+json\" class=\"yoast-schema-graph\">{\"@context\":\"https:\/\/schema.org\",\"@graph\":[{\"@type\":\"WebPage\",\"@id\":\"https:\/\/biterna.cat\/terrassa-espirita\/\",\"url\":\"https:\/\/biterna.cat\/terrassa-espirita\/\",\"name\":\"Terrassa esp\u00edrita - Biterna\",\"isPartOf\":{\"@id\":\"https:\/\/biterna.cat\/#website\"},\"primaryImageOfPage\":{\"@id\":\"https:\/\/biterna.cat\/terrassa-espirita\/#primaryimage\"},\"image\":{\"@id\":\"https:\/\/biterna.cat\/terrassa-espirita\/#primaryimage\"},\"thumbnailUrl\":\"https:\/\/biterna.cat\/wp-content\/uploads\/2022\/02\/TerrassaEspirita.png\",\"datePublished\":\"2022-01-13T11:01:10+00:00\",\"dateModified\":\"2022-02-01T17:35:21+00:00\",\"breadcrumb\":{\"@id\":\"https:\/\/biterna.cat\/terrassa-espirita\/#breadcrumb\"},\"inLanguage\":\"es\",\"potentialAction\":[{\"@type\":\"ReadAction\",\"target\":[\"https:\/\/biterna.cat\/terrassa-espirita\/\"]}]},{\"@type\":\"ImageObject\",\"inLanguage\":\"es\",\"@id\":\"https:\/\/biterna.cat\/terrassa-espirita\/#primaryimage\",\"url\":\"https:\/\/biterna.cat\/wp-content\/uploads\/2022\/02\/TerrassaEspirita.png\",\"contentUrl\":\"https:\/\/biterna.cat\/wp-content\/uploads\/2022\/02\/TerrassaEspirita.png\"},{\"@type\":\"BreadcrumbList\",\"@id\":\"https:\/\/biterna.cat\/terrassa-espirita\/#breadcrumb\",\"itemListElement\":[{\"@type\":\"ListItem\",\"position\":1,\"name\":\"Home\",\"item\":\"https:\/\/biterna.cat\/\"},{\"@type\":\"ListItem\",\"position\":2,\"name\":\"Terrassa esp\u00edrita\"}]},{\"@type\":\"WebSite\",\"@id\":\"https:\/\/biterna.cat\/#website\",\"url\":\"https:\/\/biterna.cat\/\",\"name\":\"Biterna\",\"description\":\"Biterna.cat\",\"publisher\":{\"@id\":\"https:\/\/biterna.cat\/#organization\"},\"potentialAction\":[{\"@type\":\"SearchAction\",\"target\":{\"@type\":\"EntryPoint\",\"urlTemplate\":\"https:\/\/biterna.cat\/?s={search_term_string}\"},\"query-input\":{\"@type\":\"PropertyValueSpecification\",\"valueRequired\":true,\"valueName\":\"search_term_string\"}}],\"inLanguage\":\"es\"},{\"@type\":\"Organization\",\"@id\":\"https:\/\/biterna.cat\/#organization\",\"name\":\"Biterna\",\"url\":\"https:\/\/biterna.cat\/\",\"logo\":{\"@type\":\"ImageObject\",\"inLanguage\":\"es\",\"@id\":\"https:\/\/biterna.cat\/#\/schema\/logo\/image\/\",\"url\":\"https:\/\/biterna.cat\/wp-content\/uploads\/2022\/01\/LogoWEB-2.png\",\"contentUrl\":\"https:\/\/biterna.cat\/wp-content\/uploads\/2022\/01\/LogoWEB-2.png\",\"width\":145,\"height\":250,\"caption\":\"Biterna\"},\"image\":{\"@id\":\"https:\/\/biterna.cat\/#\/schema\/logo\/image\/\"}}]}<\/script>\n<!-- \/ Yoast SEO plugin. -->","yoast_head_json":{"title":"Terrassa esp\u00edrita - Biterna","robots":{"index":"index","follow":"follow","max-snippet":"max-snippet:-1","max-image-preview":"max-image-preview:large","max-video-preview":"max-video-preview:-1"},"canonical":"https:\/\/biterna.cat\/es\/terrassa-espirita\/","og_locale":"es_ES","og_type":"article","og_title":"Terrassa esp\u00edrita - Biterna","og_description":"Un &#8220;escape box city&#8221; ambientat en l&#8217;espiritisme terrassenc. Terrassa Esp\u00edrita \u00e9s un joc port\u00e0til amb din\u00e0miques de tipus \u00abescape room urb\u00e0\u00bb ambientat en el context del espiritisme terrassenc de principis&hellip;","og_url":"https:\/\/biterna.cat\/es\/terrassa-espirita\/","og_site_name":"Biterna","article_modified_time":"2022-02-01T17:35:21+00:00","og_image":[{"url":"https:\/\/biterna.cat\/wp-content\/uploads\/2022\/02\/TerrassaEspirita.png","type":"","width":"","height":""}],"twitter_card":"summary_large_image","twitter_misc":{"Tiempo de lectura":"2 minutos"},"schema":{"@context":"https:\/\/schema.org","@graph":[{"@type":"WebPage","@id":"https:\/\/biterna.cat\/terrassa-espirita\/","url":"https:\/\/biterna.cat\/terrassa-espirita\/","name":"Terrassa esp\u00edrita - Biterna","isPartOf":{"@id":"https:\/\/biterna.cat\/#website"},"primaryImageOfPage":{"@id":"https:\/\/biterna.cat\/terrassa-espirita\/#primaryimage"},"image":{"@id":"https:\/\/biterna.cat\/terrassa-espirita\/#primaryimage"},"thumbnailUrl":"https:\/\/biterna.cat\/wp-content\/uploads\/2022\/02\/TerrassaEspirita.png","datePublished":"2022-01-13T11:01:10+00:00","dateModified":"2022-02-01T17:35:21+00:00","breadcrumb":{"@id":"https:\/\/biterna.cat\/terrassa-espirita\/#breadcrumb"},"inLanguage":"es","potentialAction":[{"@type":"ReadAction","target":["https:\/\/biterna.cat\/terrassa-espirita\/"]}]},{"@type":"ImageObject","inLanguage":"es","@id":"https:\/\/biterna.cat\/terrassa-espirita\/#primaryimage","url":"https:\/\/biterna.cat\/wp-content\/uploads\/2022\/02\/TerrassaEspirita.png","contentUrl":"https:\/\/biterna.cat\/wp-content\/uploads\/2022\/02\/TerrassaEspirita.png"},{"@type":"BreadcrumbList","@id":"https:\/\/biterna.cat\/terrassa-espirita\/#breadcrumb","itemListElement":[{"@type":"ListItem","position":1,"name":"Home","item":"https:\/\/biterna.cat\/"},{"@type":"ListItem","position":2,"name":"Terrassa esp\u00edrita"}]},{"@type":"WebSite","@id":"https:\/\/biterna.cat\/#website","url":"https:\/\/biterna.cat\/","name":"Biterna","description":"Biterna.cat","publisher":{"@id":"https:\/\/biterna.cat\/#organization"},"potentialAction":[{"@type":"SearchAction","target":{"@type":"EntryPoint","urlTemplate":"https:\/\/biterna.cat\/?s={search_term_string}"},"query-input":{"@type":"PropertyValueSpecification","valueRequired":true,"valueName":"search_term_string"}}],"inLanguage":"es"},{"@type":"Organization","@id":"https:\/\/biterna.cat\/#organization","name":"Biterna","url":"https:\/\/biterna.cat\/","logo":{"@type":"ImageObject","inLanguage":"es","@id":"https:\/\/biterna.cat\/#\/schema\/logo\/image\/","url":"https:\/\/biterna.cat\/wp-content\/uploads\/2022\/01\/LogoWEB-2.png","contentUrl":"https:\/\/biterna.cat\/wp-content\/uploads\/2022\/01\/LogoWEB-2.png","width":145,"height":250,"caption":"Biterna"},"image":{"@id":"https:\/\/biterna.cat\/#\/schema\/logo\/image\/"}}]}},"_links":{"self":[{"href":"https:\/\/biterna.cat\/es\/wp-json\/wp\/v2\/pages\/119","targetHints":{"allow":["GET"]}}],"collection":[{"href":"https:\/\/biterna.cat\/es\/wp-json\/wp\/v2\/pages"}],"about":[{"href":"https:\/\/biterna.cat\/es\/wp-json\/wp\/v2\/types\/page"}],"author":[{"embeddable":true,"href":"https:\/\/biterna.cat\/es\/wp-json\/wp\/v2\/users\/1"}],"replies":[{"embeddable":true,"href":"https:\/\/biterna.cat\/es\/wp-json\/wp\/v2\/comments?post=119"}],"version-history":[{"count":19,"href":"https:\/\/biterna.cat\/es\/wp-json\/wp\/v2\/pages\/119\/revisions"}],"predecessor-version":[{"id":600,"href":"https:\/\/biterna.cat\/es\/wp-json\/wp\/v2\/pages\/119\/revisions\/600"}],"wp:attachment":[{"href":"https:\/\/biterna.cat\/es\/wp-json\/wp\/v2\/media?parent=119"}],"curies":[{"name":"wp","href":"https:\/\/api.w.org\/{rel}","templated":true}]}}