{"id":20,"date":"2022-01-12T17:45:37","date_gmt":"2022-01-12T17:45:37","guid":{"rendered":"https:\/\/biterna.cat\/?page_id=20"},"modified":"2022-01-27T17:03:25","modified_gmt":"2022-01-27T17:03:25","slug":"studio","status":"publish","type":"page","link":"https:\/\/biterna.cat\/es\/studio\/","title":{"rendered":"Biterna"},"content":{"rendered":"<h3 style=\"text-align: center;\" data-wp-editing=\"1\"><strong>Oriol &#8220;Estripaboires&#8221;<\/strong><\/h3>\n<p style=\"text-align: center;\" data-wp-editing=\"1\">Dise\u00f1o y desarrollo de juegos y experiencias interactivas en el \u00e1mbito cultural, did\u00e1ctico y el entretenimiento.<\/p>\n<h3 style=\"text-align: center;\" data-wp-editing=\"1\"><strong>Procesos creativos<\/strong><\/h3>\n<p style=\"text-align: center;\" data-wp-editing=\"1\">Ilustraci\u00f3n, pintura, arte digital, dinamizaci\u00f3n cultural, poes\u00eda y rapsodia\u2026<\/p>\n<h3 style=\"text-align: center;\" data-wp-editing=\"1\"><strong>Contacto<\/strong> <a href=\"mailto:uri@biterna.cat\">uri@biterna.cat<\/a><\/h3>","protected":false},"excerpt":{"rendered":"<p>Oriol &#8220;Estripaboires&#8221; Disseny i desenvolupament de jocs i experi\u00e8ncies interactives en l&#8217;\u00e0mbit cultural, did\u00e0ctic i l&#8217;entreteniment. Processos creatius Il\u00b7lustraci\u00f3, pintura, art digital, dinamitzaci\u00f3 cultural, poesia i raps\u00f2dia&#8230; Contacte: uri@biterna.cat<\/p>","protected":false},"author":1,"featured_media":0,"parent":0,"menu_order":0,"comment_status":"closed","ping_status":"closed","template":"","meta":{"om_disable_all_campaigns":false,"ngg_post_thumbnail":0,"footnotes":""},"class_list":["post-20","page","type-page","status-publish","hentry"],"yoast_head":"<!-- This site is optimized with the Yoast SEO plugin v27.2 - https:\/\/yoast.com\/product\/yoast-seo-wordpress\/ -->\n<title>Biterna - Biterna<\/title>\n<meta name=\"robots\" content=\"index, follow, max-snippet:-1, max-image-preview:large, max-video-preview:-1\" \/>\n<link rel=\"canonical\" href=\"https:\/\/biterna.cat\/es\/studio\/\" \/>\n<meta property=\"og:locale\" content=\"es_ES\" \/>\n<meta property=\"og:type\" content=\"article\" \/>\n<meta property=\"og:title\" content=\"Biterna - Biterna\" \/>\n<meta property=\"og:description\" content=\"Oriol &#8220;Estripaboires&#8221; Disseny i desenvolupament de jocs i experi\u00e8ncies interactives en l&#8217;\u00e0mbit cultural, did\u00e0ctic i l&#8217;entreteniment. Processos creatius Il\u00b7lustraci\u00f3, pintura, art digital, dinamitzaci\u00f3 cultural, poesia i raps\u00f2dia&#8230; Contacte: uri@biterna.cat\" \/>\n<meta property=\"og:url\" content=\"https:\/\/biterna.cat\/es\/studio\/\" \/>\n<meta property=\"og:site_name\" content=\"Biterna\" \/>\n<meta property=\"article:modified_time\" content=\"2022-01-27T17:03:25+00:00\" \/>\n<meta name=\"twitter:card\" content=\"summary_large_image\" \/>\n<meta name=\"twitter:label1\" content=\"Tiempo de lectura\" \/>\n\t<meta name=\"twitter:data1\" content=\"1 minuto\" \/>\n<script type=\"application\/ld+json\" class=\"yoast-schema-graph\">{\"@context\":\"https:\/\/schema.org\",\"@graph\":[{\"@type\":\"WebPage\",\"@id\":\"https:\/\/biterna.cat\/studio\/\",\"url\":\"https:\/\/biterna.cat\/studio\/\",\"name\":\"Biterna - Biterna\",\"isPartOf\":{\"@id\":\"https:\/\/biterna.cat\/#website\"},\"datePublished\":\"2022-01-12T17:45:37+00:00\",\"dateModified\":\"2022-01-27T17:03:25+00:00\",\"breadcrumb\":{\"@id\":\"https:\/\/biterna.cat\/studio\/#breadcrumb\"},\"inLanguage\":\"es\",\"potentialAction\":[{\"@type\":\"ReadAction\",\"target\":[\"https:\/\/biterna.cat\/studio\/\"]}]},{\"@type\":\"BreadcrumbList\",\"@id\":\"https:\/\/biterna.cat\/studio\/#breadcrumb\",\"itemListElement\":[{\"@type\":\"ListItem\",\"position\":1,\"name\":\"Home\",\"item\":\"https:\/\/biterna.cat\/\"},{\"@type\":\"ListItem\",\"position\":2,\"name\":\"Biterna\"}]},{\"@type\":\"WebSite\",\"@id\":\"https:\/\/biterna.cat\/#website\",\"url\":\"https:\/\/biterna.cat\/\",\"name\":\"Biterna\",\"description\":\"Biterna.cat\",\"publisher\":{\"@id\":\"https:\/\/biterna.cat\/#organization\"},\"potentialAction\":[{\"@type\":\"SearchAction\",\"target\":{\"@type\":\"EntryPoint\",\"urlTemplate\":\"https:\/\/biterna.cat\/?s={search_term_string}\"},\"query-input\":{\"@type\":\"PropertyValueSpecification\",\"valueRequired\":true,\"valueName\":\"search_term_string\"}}],\"inLanguage\":\"es\"},{\"@type\":\"Organization\",\"@id\":\"https:\/\/biterna.cat\/#organization\",\"name\":\"Biterna\",\"url\":\"https:\/\/biterna.cat\/\",\"logo\":{\"@type\":\"ImageObject\",\"inLanguage\":\"es\",\"@id\":\"https:\/\/biterna.cat\/#\/schema\/logo\/image\/\",\"url\":\"https:\/\/biterna.cat\/wp-content\/uploads\/2022\/01\/LogoWEB-2.png\",\"contentUrl\":\"https:\/\/biterna.cat\/wp-content\/uploads\/2022\/01\/LogoWEB-2.png\",\"width\":145,\"height\":250,\"caption\":\"Biterna\"},\"image\":{\"@id\":\"https:\/\/biterna.cat\/#\/schema\/logo\/image\/\"}}]}<\/script>\n<!-- \/ Yoast SEO plugin. -->","yoast_head_json":{"title":"Biterna - Biterna","robots":{"index":"index","follow":"follow","max-snippet":"max-snippet:-1","max-image-preview":"max-image-preview:large","max-video-preview":"max-video-preview:-1"},"canonical":"https:\/\/biterna.cat\/es\/studio\/","og_locale":"es_ES","og_type":"article","og_title":"Biterna - Biterna","og_description":"Oriol &#8220;Estripaboires&#8221; Disseny i desenvolupament de jocs i experi\u00e8ncies interactives en l&#8217;\u00e0mbit cultural, did\u00e0ctic i l&#8217;entreteniment. Processos creatius Il\u00b7lustraci\u00f3, pintura, art digital, dinamitzaci\u00f3 cultural, poesia i raps\u00f2dia&#8230; Contacte: uri@biterna.cat","og_url":"https:\/\/biterna.cat\/es\/studio\/","og_site_name":"Biterna","article_modified_time":"2022-01-27T17:03:25+00:00","twitter_card":"summary_large_image","twitter_misc":{"Tiempo de lectura":"1 minuto"},"schema":{"@context":"https:\/\/schema.org","@graph":[{"@type":"WebPage","@id":"https:\/\/biterna.cat\/studio\/","url":"https:\/\/biterna.cat\/studio\/","name":"Biterna - Biterna","isPartOf":{"@id":"https:\/\/biterna.cat\/#website"},"datePublished":"2022-01-12T17:45:37+00:00","dateModified":"2022-01-27T17:03:25+00:00","breadcrumb":{"@id":"https:\/\/biterna.cat\/studio\/#breadcrumb"},"inLanguage":"es","potentialAction":[{"@type":"ReadAction","target":["https:\/\/biterna.cat\/studio\/"]}]},{"@type":"BreadcrumbList","@id":"https:\/\/biterna.cat\/studio\/#breadcrumb","itemListElement":[{"@type":"ListItem","position":1,"name":"Home","item":"https:\/\/biterna.cat\/"},{"@type":"ListItem","position":2,"name":"Biterna"}]},{"@type":"WebSite","@id":"https:\/\/biterna.cat\/#website","url":"https:\/\/biterna.cat\/","name":"Biterna","description":"Biterna.cat","publisher":{"@id":"https:\/\/biterna.cat\/#organization"},"potentialAction":[{"@type":"SearchAction","target":{"@type":"EntryPoint","urlTemplate":"https:\/\/biterna.cat\/?s={search_term_string}"},"query-input":{"@type":"PropertyValueSpecification","valueRequired":true,"valueName":"search_term_string"}}],"inLanguage":"es"},{"@type":"Organization","@id":"https:\/\/biterna.cat\/#organization","name":"Biterna","url":"https:\/\/biterna.cat\/","logo":{"@type":"ImageObject","inLanguage":"es","@id":"https:\/\/biterna.cat\/#\/schema\/logo\/image\/","url":"https:\/\/biterna.cat\/wp-content\/uploads\/2022\/01\/LogoWEB-2.png","contentUrl":"https:\/\/biterna.cat\/wp-content\/uploads\/2022\/01\/LogoWEB-2.png","width":145,"height":250,"caption":"Biterna"},"image":{"@id":"https:\/\/biterna.cat\/#\/schema\/logo\/image\/"}}]}},"_links":{"self":[{"href":"https:\/\/biterna.cat\/es\/wp-json\/wp\/v2\/pages\/20","targetHints":{"allow":["GET"]}}],"collection":[{"href":"https:\/\/biterna.cat\/es\/wp-json\/wp\/v2\/pages"}],"about":[{"href":"https:\/\/biterna.cat\/es\/wp-json\/wp\/v2\/types\/page"}],"author":[{"embeddable":true,"href":"https:\/\/biterna.cat\/es\/wp-json\/wp\/v2\/users\/1"}],"replies":[{"embeddable":true,"href":"https:\/\/biterna.cat\/es\/wp-json\/wp\/v2\/comments?post=20"}],"version-history":[{"count":59,"href":"https:\/\/biterna.cat\/es\/wp-json\/wp\/v2\/pages\/20\/revisions"}],"predecessor-version":[{"id":522,"href":"https:\/\/biterna.cat\/es\/wp-json\/wp\/v2\/pages\/20\/revisions\/522"}],"wp:attachment":[{"href":"https:\/\/biterna.cat\/es\/wp-json\/wp\/v2\/media?parent=20"}],"curies":[{"name":"wp","href":"https:\/\/api.w.org\/{rel}","templated":true}]}}