{"id":6,"date":"2022-01-12T17:02:26","date_gmt":"2022-01-12T17:02:26","guid":{"rendered":"https:\/\/biterna.cat\/?page_id=6"},"modified":"2022-01-27T17:14:22","modified_gmt":"2022-01-27T17:14:22","slug":"app","status":"publish","type":"page","link":"https:\/\/biterna.cat\/es\/app\/","title":{"rendered":"Biterna 1584"},"content":{"rendered":"<p style=\"text-align: center;\"><img loading=\"lazy\" decoding=\"async\" class=\"aligncenter wp-image-459 size-full\" src=\"https:\/\/biterna.cat\/wp-content\/uploads\/2022\/01\/TitolBiterna-1.png\" alt=\"\" width=\"556\" height=\"235\" srcset=\"https:\/\/biterna.cat\/wp-content\/uploads\/2022\/01\/TitolBiterna-1.png 556w, https:\/\/biterna.cat\/wp-content\/uploads\/2022\/01\/TitolBiterna-1-300x127.png 300w, https:\/\/biterna.cat\/wp-content\/uploads\/2022\/01\/TitolBiterna-1-18x8.png 18w\" sizes=\"auto, (max-width: 556px) 100vw, 556px\" \/><\/p>\n<p style=\"text-align: center;\"><img loading=\"lazy\" decoding=\"async\" class=\"aligncenter wp-image-319\" src=\"https:\/\/biterna.cat\/wp-content\/uploads\/2022\/01\/llibre-150x150.png\" alt=\"\" width=\"100\" height=\"100\" srcset=\"https:\/\/biterna.cat\/wp-content\/uploads\/2022\/01\/llibre-150x150.png 150w, https:\/\/biterna.cat\/wp-content\/uploads\/2022\/01\/llibre-300x300.png 300w, https:\/\/biterna.cat\/wp-content\/uploads\/2022\/01\/llibre-12x12.png 12w, https:\/\/biterna.cat\/wp-content\/uploads\/2022\/01\/llibre.png 494w\" sizes=\"auto, (max-width: 100px) 100vw, 100px\" \/><\/p>\n<p style=\"text-align: center;\"><strong>SINOPSI<\/strong><\/p>\n<p style=\"text-align: justify;\">El jugador toma el rol de Garsa, una joven acusada de brujer\u00eda debido a una malformaci\u00f3n cong\u00e9nita. Garsa emprender\u00e1 un viaje inici\u00e1tico que la llevar\u00e1 a Biterna, un lugar imaginario donde, seg\u00fan una creencia medieval extendida en los Pa\u00edses Catalanes, se reun\u00edan las brujas para adorar al demonio.<\/p>\n<p style=\"text-align: left;\">&nbsp;<br \/>\n\n<table id=\"tablepress-3\" class=\"tablepress tablepress-id-3 tablepress-responsive tablepress-responsive-stack-phone\">\n<tbody>\n<tr class=\"row-1\">\n\t<td class=\"column-1\"><p style=\"text-align: center;\"><img loading=\"lazy\" decoding=\"async\" class=\"aligncenter wp-image-322\" src=\"https:\/\/biterna.cat\/wp-content\/uploads\/2022\/01\/gargoyle-150x150.png\" alt=\"\" width=\"100\" height=\"100\" srcset=\"https:\/\/biterna.cat\/wp-content\/uploads\/2022\/01\/gargoyle-150x150.png 150w, https:\/\/biterna.cat\/wp-content\/uploads\/2022\/01\/gargoyle-300x300.png 300w, https:\/\/biterna.cat\/wp-content\/uploads\/2022\/01\/gargoyle-12x12.png 12w, https:\/\/biterna.cat\/wp-content\/uploads\/2022\/01\/gargoyle.png 494w\" sizes=\"auto, (max-width: 100px) 100vw, 100px\" \/><\/p><p style=\"text-align: center;\"><strong>CONCEPTO<\/strong><\/p><p style=\"text-align: justify;\"><strong>Biterna 1584<\/strong> ofrece una aventura narrativa cercana a la fantas\u00eda medieval inspirada en la mitolog\u00eda catalana.<\/p><\/td><td class=\"column-2\"><p style=\"text-align: center;\"><img loading=\"lazy\" decoding=\"async\" class=\"aligncenter wp-image-312\" src=\"https:\/\/biterna.cat\/wp-content\/uploads\/2022\/01\/open-treasure-chest-150x150.png\" alt=\"\" width=\"100\" height=\"100\" srcset=\"https:\/\/biterna.cat\/wp-content\/uploads\/2022\/01\/open-treasure-chest-150x150.png 150w, https:\/\/biterna.cat\/wp-content\/uploads\/2022\/01\/open-treasure-chest-300x300.png 300w, https:\/\/biterna.cat\/wp-content\/uploads\/2022\/01\/open-treasure-chest-12x12.png 12w, https:\/\/biterna.cat\/wp-content\/uploads\/2022\/01\/open-treasure-chest.png 512w\" sizes=\"auto, (max-width: 100px) 100vw, 100px\" \/><\/p><p style=\"text-align: center;\"><strong>CONTENIDO<\/strong><\/p><p style=\"text-align: justify;\">El jugador descubrir\u00e1 el entorno del Pallars Juss\u00e0 y Sobir\u00e0, sus leyendas, personajes y hechos hist\u00f3ricos.<\/p><\/td><td class=\"column-3\"><p style=\"text-align: center;\"><img loading=\"lazy\" decoding=\"async\" class=\"aligncenter wp-image-303\" src=\"https:\/\/biterna.cat\/wp-content\/uploads\/2022\/01\/Dau-150x150.png\" alt=\"\" width=\"100\" height=\"100\" srcset=\"https:\/\/biterna.cat\/wp-content\/uploads\/2022\/01\/Dau-150x150.png 150w, https:\/\/biterna.cat\/wp-content\/uploads\/2022\/01\/Dau-300x300.png 300w, https:\/\/biterna.cat\/wp-content\/uploads\/2022\/01\/Dau-12x12.png 12w, https:\/\/biterna.cat\/wp-content\/uploads\/2022\/01\/Dau.png 512w\" sizes=\"auto, (max-width: 100px) 100vw, 100px\" \/><\/p><p style=\"text-align: center;\"><strong>JUGABILIDAD<\/strong><\/p><p style=\"text-align: justify;\">Diferentes tipos de mini juegos, el azar y elementos RPG, complementan la narraci\u00f3n y aumentan su rejugabilidad.&nbsp;<\/p><\/td>\n<\/tr>\n<tr class=\"row-2\">\n\t<td class=\"column-1\"><p style=\"text-align: center;\"><img loading=\"lazy\" decoding=\"async\" class=\"aligncenter wp-image-309\" src=\"https:\/\/biterna.cat\/wp-content\/uploads\/2022\/01\/sparkles-150x150.png\" alt=\"\" width=\"100\" height=\"100\" srcset=\"https:\/\/biterna.cat\/wp-content\/uploads\/2022\/01\/sparkles-150x150.png 150w, https:\/\/biterna.cat\/wp-content\/uploads\/2022\/01\/sparkles-300x300.png 300w, https:\/\/biterna.cat\/wp-content\/uploads\/2022\/01\/sparkles-12x12.png 12w, https:\/\/biterna.cat\/wp-content\/uploads\/2022\/01\/sparkles.png 512w\" sizes=\"auto, (max-width: 100px) 100vw, 100px\" \/><\/p><p style=\"text-align: center;\"><strong>EXPERIENCIA<\/strong><\/p><p style=\"text-align: justify;\">La narraci\u00f3n se acompa\u00f1a de efectos visuales y sonoros para ofrecer una cautivadora inmersi\u00f3n en el universo fant\u00e1stico de Biterna.<\/p><\/td><td class=\"column-2\"><p style=\"text-align: center;\"><img loading=\"lazy\" decoding=\"async\" class=\"aligncenter wp-image-401 size-thumbnail\" src=\"https:\/\/biterna.cat\/wp-content\/uploads\/2022\/01\/swordwoman-150x150.png\" alt=\"\" width=\"100\" height=\"100\" srcset=\"https:\/\/biterna.cat\/wp-content\/uploads\/2022\/01\/swordwoman-150x150.png 150w, https:\/\/biterna.cat\/wp-content\/uploads\/2022\/01\/swordwoman-300x300.png 300w, https:\/\/biterna.cat\/wp-content\/uploads\/2022\/01\/swordwoman-12x12.png 12w, https:\/\/biterna.cat\/wp-content\/uploads\/2022\/01\/swordwoman.png 494w\" sizes=\"auto, (max-width: 100px) 100vw, 100px\" \/><\/p><p style=\"text-align: center;\"><strong>PERSPECTIVA<\/strong><\/p><p style=\"text-align: justify;\"><strong>Biterna 1584<\/strong> destaca el papel de la mujer en la sociedad de la \u00e9poca y el fen\u00f3meno represivo de la cacer\u00eda de brujas.<\/p><\/td><td class=\"column-3\"><p style=\"text-align: center;\"><img loading=\"lazy\" decoding=\"async\" class=\"aligncenter wp-image-417\" src=\"https:\/\/biterna.cat\/wp-content\/uploads\/2022\/01\/witch-face-150x150.png\" alt=\"\" width=\"100\" height=\"100\" srcset=\"https:\/\/biterna.cat\/wp-content\/uploads\/2022\/01\/witch-face-150x150.png 150w, https:\/\/biterna.cat\/wp-content\/uploads\/2022\/01\/witch-face-300x300.png 300w, https:\/\/biterna.cat\/wp-content\/uploads\/2022\/01\/witch-face-12x12.png 12w, https:\/\/biterna.cat\/wp-content\/uploads\/2022\/01\/witch-face.png 494w\" sizes=\"auto, (max-width: 100px) 100vw, 100px\" \/><\/p><p style=\"text-align: center;\"><strong>P\u00daBLICO <\/strong><\/p><p style=\"text-align: justify;\">Juvenil\/adulto <strong>Biterna 1584<\/strong> puede interesar a los j\u00f3venes as\u00ed como a un p\u00fablico m\u00e1s adulto que rememore los librojuegos de los a\u00f1os 80\/90.<\/p><\/td>\n<\/tr>\n<\/tbody>\n<\/table>\n<!-- #tablepress-3 from cache --><\/p>","protected":false},"excerpt":{"rendered":"<p>SINOPSI El jugador pren el rol de Garsa, una jove acusada de bruixeria degut a una malformaci\u00f3 cong\u00e8nita. Garsa emprendr\u00e0 un viatge inici\u00e0tic que la dur\u00e0 a Biterna, un indret&hellip;<\/p>","protected":false},"author":1,"featured_media":0,"parent":0,"menu_order":0,"comment_status":"closed","ping_status":"closed","template":"","meta":{"om_disable_all_campaigns":false,"ngg_post_thumbnail":0,"footnotes":""},"class_list":["post-6","page","type-page","status-publish","hentry"],"yoast_head":"<!-- This site is optimized with the Yoast SEO plugin v27.2 - https:\/\/yoast.com\/product\/yoast-seo-wordpress\/ -->\n<title>Biterna 1584 - Biterna<\/title>\n<meta name=\"robots\" content=\"index, follow, max-snippet:-1, max-image-preview:large, max-video-preview:-1\" \/>\n<link rel=\"canonical\" href=\"https:\/\/biterna.cat\/es\/app\/\" \/>\n<meta property=\"og:locale\" content=\"es_ES\" \/>\n<meta property=\"og:type\" content=\"article\" \/>\n<meta property=\"og:title\" content=\"Biterna 1584 - Biterna\" \/>\n<meta property=\"og:description\" content=\"SINOPSI El jugador pren el rol de Garsa, una jove acusada de bruixeria degut a una malformaci\u00f3 cong\u00e8nita. Garsa emprendr\u00e0 un viatge inici\u00e0tic que la dur\u00e0 a Biterna, un indret&hellip;\" \/>\n<meta property=\"og:url\" content=\"https:\/\/biterna.cat\/es\/app\/\" \/>\n<meta property=\"og:site_name\" content=\"Biterna\" \/>\n<meta property=\"article:modified_time\" content=\"2022-01-27T17:14:22+00:00\" \/>\n<meta property=\"og:image\" content=\"https:\/\/biterna.cat\/wp-content\/uploads\/2022\/01\/TitolBiterna-1.png\" \/>\n<meta name=\"twitter:card\" content=\"summary_large_image\" \/>\n<meta name=\"twitter:label1\" content=\"Tiempo de lectura\" \/>\n\t<meta name=\"twitter:data1\" content=\"1 minuto\" \/>\n<script type=\"application\/ld+json\" class=\"yoast-schema-graph\">{\"@context\":\"https:\/\/schema.org\",\"@graph\":[{\"@type\":\"WebPage\",\"@id\":\"https:\/\/biterna.cat\/app\/\",\"url\":\"https:\/\/biterna.cat\/app\/\",\"name\":\"Biterna 1584 - Biterna\",\"isPartOf\":{\"@id\":\"https:\/\/biterna.cat\/#website\"},\"primaryImageOfPage\":{\"@id\":\"https:\/\/biterna.cat\/app\/#primaryimage\"},\"image\":{\"@id\":\"https:\/\/biterna.cat\/app\/#primaryimage\"},\"thumbnailUrl\":\"https:\/\/biterna.cat\/wp-content\/uploads\/2022\/01\/TitolBiterna-1.png\",\"datePublished\":\"2022-01-12T17:02:26+00:00\",\"dateModified\":\"2022-01-27T17:14:22+00:00\",\"breadcrumb\":{\"@id\":\"https:\/\/biterna.cat\/app\/#breadcrumb\"},\"inLanguage\":\"es\",\"potentialAction\":[{\"@type\":\"ReadAction\",\"target\":[\"https:\/\/biterna.cat\/app\/\"]}]},{\"@type\":\"ImageObject\",\"inLanguage\":\"es\",\"@id\":\"https:\/\/biterna.cat\/app\/#primaryimage\",\"url\":\"https:\/\/biterna.cat\/wp-content\/uploads\/2022\/01\/TitolBiterna-1.png\",\"contentUrl\":\"https:\/\/biterna.cat\/wp-content\/uploads\/2022\/01\/TitolBiterna-1.png\"},{\"@type\":\"BreadcrumbList\",\"@id\":\"https:\/\/biterna.cat\/app\/#breadcrumb\",\"itemListElement\":[{\"@type\":\"ListItem\",\"position\":1,\"name\":\"Home\",\"item\":\"https:\/\/biterna.cat\/\"},{\"@type\":\"ListItem\",\"position\":2,\"name\":\"Biterna 1584\"}]},{\"@type\":\"WebSite\",\"@id\":\"https:\/\/biterna.cat\/#website\",\"url\":\"https:\/\/biterna.cat\/\",\"name\":\"Biterna\",\"description\":\"Biterna.cat\",\"publisher\":{\"@id\":\"https:\/\/biterna.cat\/#organization\"},\"potentialAction\":[{\"@type\":\"SearchAction\",\"target\":{\"@type\":\"EntryPoint\",\"urlTemplate\":\"https:\/\/biterna.cat\/?s={search_term_string}\"},\"query-input\":{\"@type\":\"PropertyValueSpecification\",\"valueRequired\":true,\"valueName\":\"search_term_string\"}}],\"inLanguage\":\"es\"},{\"@type\":\"Organization\",\"@id\":\"https:\/\/biterna.cat\/#organization\",\"name\":\"Biterna\",\"url\":\"https:\/\/biterna.cat\/\",\"logo\":{\"@type\":\"ImageObject\",\"inLanguage\":\"es\",\"@id\":\"https:\/\/biterna.cat\/#\/schema\/logo\/image\/\",\"url\":\"https:\/\/biterna.cat\/wp-content\/uploads\/2022\/01\/LogoWEB-2.png\",\"contentUrl\":\"https:\/\/biterna.cat\/wp-content\/uploads\/2022\/01\/LogoWEB-2.png\",\"width\":145,\"height\":250,\"caption\":\"Biterna\"},\"image\":{\"@id\":\"https:\/\/biterna.cat\/#\/schema\/logo\/image\/\"}}]}<\/script>\n<!-- \/ Yoast SEO plugin. -->","yoast_head_json":{"title":"Biterna 1584 - Biterna","robots":{"index":"index","follow":"follow","max-snippet":"max-snippet:-1","max-image-preview":"max-image-preview:large","max-video-preview":"max-video-preview:-1"},"canonical":"https:\/\/biterna.cat\/es\/app\/","og_locale":"es_ES","og_type":"article","og_title":"Biterna 1584 - Biterna","og_description":"SINOPSI El jugador pren el rol de Garsa, una jove acusada de bruixeria degut a una malformaci\u00f3 cong\u00e8nita. Garsa emprendr\u00e0 un viatge inici\u00e0tic que la dur\u00e0 a Biterna, un indret&hellip;","og_url":"https:\/\/biterna.cat\/es\/app\/","og_site_name":"Biterna","article_modified_time":"2022-01-27T17:14:22+00:00","og_image":[{"url":"https:\/\/biterna.cat\/wp-content\/uploads\/2022\/01\/TitolBiterna-1.png","type":"","width":"","height":""}],"twitter_card":"summary_large_image","twitter_misc":{"Tiempo de lectura":"1 minuto"},"schema":{"@context":"https:\/\/schema.org","@graph":[{"@type":"WebPage","@id":"https:\/\/biterna.cat\/app\/","url":"https:\/\/biterna.cat\/app\/","name":"Biterna 1584 - Biterna","isPartOf":{"@id":"https:\/\/biterna.cat\/#website"},"primaryImageOfPage":{"@id":"https:\/\/biterna.cat\/app\/#primaryimage"},"image":{"@id":"https:\/\/biterna.cat\/app\/#primaryimage"},"thumbnailUrl":"https:\/\/biterna.cat\/wp-content\/uploads\/2022\/01\/TitolBiterna-1.png","datePublished":"2022-01-12T17:02:26+00:00","dateModified":"2022-01-27T17:14:22+00:00","breadcrumb":{"@id":"https:\/\/biterna.cat\/app\/#breadcrumb"},"inLanguage":"es","potentialAction":[{"@type":"ReadAction","target":["https:\/\/biterna.cat\/app\/"]}]},{"@type":"ImageObject","inLanguage":"es","@id":"https:\/\/biterna.cat\/app\/#primaryimage","url":"https:\/\/biterna.cat\/wp-content\/uploads\/2022\/01\/TitolBiterna-1.png","contentUrl":"https:\/\/biterna.cat\/wp-content\/uploads\/2022\/01\/TitolBiterna-1.png"},{"@type":"BreadcrumbList","@id":"https:\/\/biterna.cat\/app\/#breadcrumb","itemListElement":[{"@type":"ListItem","position":1,"name":"Home","item":"https:\/\/biterna.cat\/"},{"@type":"ListItem","position":2,"name":"Biterna 1584"}]},{"@type":"WebSite","@id":"https:\/\/biterna.cat\/#website","url":"https:\/\/biterna.cat\/","name":"Biterna","description":"Biterna.cat","publisher":{"@id":"https:\/\/biterna.cat\/#organization"},"potentialAction":[{"@type":"SearchAction","target":{"@type":"EntryPoint","urlTemplate":"https:\/\/biterna.cat\/?s={search_term_string}"},"query-input":{"@type":"PropertyValueSpecification","valueRequired":true,"valueName":"search_term_string"}}],"inLanguage":"es"},{"@type":"Organization","@id":"https:\/\/biterna.cat\/#organization","name":"Biterna","url":"https:\/\/biterna.cat\/","logo":{"@type":"ImageObject","inLanguage":"es","@id":"https:\/\/biterna.cat\/#\/schema\/logo\/image\/","url":"https:\/\/biterna.cat\/wp-content\/uploads\/2022\/01\/LogoWEB-2.png","contentUrl":"https:\/\/biterna.cat\/wp-content\/uploads\/2022\/01\/LogoWEB-2.png","width":145,"height":250,"caption":"Biterna"},"image":{"@id":"https:\/\/biterna.cat\/#\/schema\/logo\/image\/"}}]}},"_links":{"self":[{"href":"https:\/\/biterna.cat\/es\/wp-json\/wp\/v2\/pages\/6","targetHints":{"allow":["GET"]}}],"collection":[{"href":"https:\/\/biterna.cat\/es\/wp-json\/wp\/v2\/pages"}],"about":[{"href":"https:\/\/biterna.cat\/es\/wp-json\/wp\/v2\/types\/page"}],"author":[{"embeddable":true,"href":"https:\/\/biterna.cat\/es\/wp-json\/wp\/v2\/users\/1"}],"replies":[{"embeddable":true,"href":"https:\/\/biterna.cat\/es\/wp-json\/wp\/v2\/comments?post=6"}],"version-history":[{"count":61,"href":"https:\/\/biterna.cat\/es\/wp-json\/wp\/v2\/pages\/6\/revisions"}],"predecessor-version":[{"id":529,"href":"https:\/\/biterna.cat\/es\/wp-json\/wp\/v2\/pages\/6\/revisions\/529"}],"wp:attachment":[{"href":"https:\/\/biterna.cat\/es\/wp-json\/wp\/v2\/media?parent=6"}],"curies":[{"name":"wp","href":"https:\/\/api.w.org\/{rel}","templated":true}]}}