{"id":605,"date":"2022-02-28T11:32:46","date_gmt":"2022-02-28T11:32:46","guid":{"rendered":"https:\/\/biterna.cat\/?page_id=605"},"modified":"2022-02-28T11:35:04","modified_gmt":"2022-02-28T11:35:04","slug":"castle-of-terror","status":"publish","type":"page","link":"https:\/\/biterna.cat\/es\/castle-of-terror\/","title":{"rendered":"Castle of Terror"},"content":{"rendered":"<p><iframe loading=\"lazy\" title=\"Castle of terror - UDK\" width=\"500\" height=\"281\" src=\"https:\/\/www.youtube.com\/embed\/ZOeNHOv6Y-Q?feature=oembed\" frameborder=\"0\" allow=\"accelerometer; autoplay; clipboard-write; encrypted-media; gyroscope; picture-in-picture; web-share\" referrerpolicy=\"strict-origin-when-cross-origin\" allowfullscreen><\/iframe><br \/>\nCastle of Terror es una recreaci\u00f3n en 3D de una atracci\u00f3n tipo \u201ctren de la bruja\u201d. Se trata de una experiencia inmersiva en la que el jugador vive en primera persona un peque\u00f1o recorrido lleno de efectos visuales y sonoros. El objetivo del proyecto es explorar las posibilidades de Unreal Engine, herramienta espec\u00edfica para la creaci\u00f3n de videojuegos. Trabajo en curso.<\/p>","protected":false},"excerpt":{"rendered":"<p>Castle of Terror \u00e9s una recreaci\u00f3 en 3D d&#8217;una atracci\u00f3 tipus &#8220;tren de la bruixa&#8221;. Es tracta d&#8217;una experi\u00e8ncia immersiva on el jugador viu en primera persona un petit recorregut&hellip;<\/p>","protected":false},"author":1,"featured_media":0,"parent":0,"menu_order":0,"comment_status":"closed","ping_status":"closed","template":"","meta":{"om_disable_all_campaigns":false,"ngg_post_thumbnail":0,"footnotes":""},"class_list":["post-605","page","type-page","status-publish","hentry"],"yoast_head":"<!-- This site is optimized with the Yoast SEO plugin v27.2 - https:\/\/yoast.com\/product\/yoast-seo-wordpress\/ -->\n<title>Castle of Terror - Biterna<\/title>\n<meta name=\"robots\" content=\"index, follow, max-snippet:-1, max-image-preview:large, max-video-preview:-1\" \/>\n<link rel=\"canonical\" href=\"https:\/\/biterna.cat\/es\/castle-of-terror\/\" \/>\n<meta property=\"og:locale\" content=\"es_ES\" \/>\n<meta property=\"og:type\" content=\"article\" \/>\n<meta property=\"og:title\" content=\"Castle of Terror - Biterna\" \/>\n<meta property=\"og:description\" content=\"Castle of Terror \u00e9s una recreaci\u00f3 en 3D d&#8217;una atracci\u00f3 tipus &#8220;tren de la bruixa&#8221;. Es tracta d&#8217;una experi\u00e8ncia immersiva on el jugador viu en primera persona un petit recorregut&hellip;\" \/>\n<meta property=\"og:url\" content=\"https:\/\/biterna.cat\/es\/castle-of-terror\/\" \/>\n<meta property=\"og:site_name\" content=\"Biterna\" \/>\n<meta property=\"article:modified_time\" content=\"2022-02-28T11:35:04+00:00\" \/>\n<meta name=\"twitter:card\" content=\"summary_large_image\" \/>\n<meta name=\"twitter:label1\" content=\"Tiempo de lectura\" \/>\n\t<meta name=\"twitter:data1\" content=\"1 minuto\" \/>\n<script type=\"application\/ld+json\" class=\"yoast-schema-graph\">{\"@context\":\"https:\/\/schema.org\",\"@graph\":[{\"@type\":\"WebPage\",\"@id\":\"https:\/\/biterna.cat\/castle-of-terror\/\",\"url\":\"https:\/\/biterna.cat\/castle-of-terror\/\",\"name\":\"Castle of Terror - Biterna\",\"isPartOf\":{\"@id\":\"https:\/\/biterna.cat\/#website\"},\"datePublished\":\"2022-02-28T11:32:46+00:00\",\"dateModified\":\"2022-02-28T11:35:04+00:00\",\"breadcrumb\":{\"@id\":\"https:\/\/biterna.cat\/castle-of-terror\/#breadcrumb\"},\"inLanguage\":\"es\",\"potentialAction\":[{\"@type\":\"ReadAction\",\"target\":[\"https:\/\/biterna.cat\/castle-of-terror\/\"]}]},{\"@type\":\"BreadcrumbList\",\"@id\":\"https:\/\/biterna.cat\/castle-of-terror\/#breadcrumb\",\"itemListElement\":[{\"@type\":\"ListItem\",\"position\":1,\"name\":\"Home\",\"item\":\"https:\/\/biterna.cat\/\"},{\"@type\":\"ListItem\",\"position\":2,\"name\":\"Castle of Terror\"}]},{\"@type\":\"WebSite\",\"@id\":\"https:\/\/biterna.cat\/#website\",\"url\":\"https:\/\/biterna.cat\/\",\"name\":\"Biterna\",\"description\":\"Biterna.cat\",\"publisher\":{\"@id\":\"https:\/\/biterna.cat\/#organization\"},\"potentialAction\":[{\"@type\":\"SearchAction\",\"target\":{\"@type\":\"EntryPoint\",\"urlTemplate\":\"https:\/\/biterna.cat\/?s={search_term_string}\"},\"query-input\":{\"@type\":\"PropertyValueSpecification\",\"valueRequired\":true,\"valueName\":\"search_term_string\"}}],\"inLanguage\":\"es\"},{\"@type\":\"Organization\",\"@id\":\"https:\/\/biterna.cat\/#organization\",\"name\":\"Biterna\",\"url\":\"https:\/\/biterna.cat\/\",\"logo\":{\"@type\":\"ImageObject\",\"inLanguage\":\"es\",\"@id\":\"https:\/\/biterna.cat\/#\/schema\/logo\/image\/\",\"url\":\"https:\/\/biterna.cat\/wp-content\/uploads\/2022\/01\/LogoWEB-2.png\",\"contentUrl\":\"https:\/\/biterna.cat\/wp-content\/uploads\/2022\/01\/LogoWEB-2.png\",\"width\":145,\"height\":250,\"caption\":\"Biterna\"},\"image\":{\"@id\":\"https:\/\/biterna.cat\/#\/schema\/logo\/image\/\"}}]}<\/script>\n<!-- \/ Yoast SEO plugin. -->","yoast_head_json":{"title":"Castle of Terror - Biterna","robots":{"index":"index","follow":"follow","max-snippet":"max-snippet:-1","max-image-preview":"max-image-preview:large","max-video-preview":"max-video-preview:-1"},"canonical":"https:\/\/biterna.cat\/es\/castle-of-terror\/","og_locale":"es_ES","og_type":"article","og_title":"Castle of Terror - Biterna","og_description":"Castle of Terror \u00e9s una recreaci\u00f3 en 3D d&#8217;una atracci\u00f3 tipus &#8220;tren de la bruixa&#8221;. Es tracta d&#8217;una experi\u00e8ncia immersiva on el jugador viu en primera persona un petit recorregut&hellip;","og_url":"https:\/\/biterna.cat\/es\/castle-of-terror\/","og_site_name":"Biterna","article_modified_time":"2022-02-28T11:35:04+00:00","twitter_card":"summary_large_image","twitter_misc":{"Tiempo de lectura":"1 minuto"},"schema":{"@context":"https:\/\/schema.org","@graph":[{"@type":"WebPage","@id":"https:\/\/biterna.cat\/castle-of-terror\/","url":"https:\/\/biterna.cat\/castle-of-terror\/","name":"Castle of Terror - Biterna","isPartOf":{"@id":"https:\/\/biterna.cat\/#website"},"datePublished":"2022-02-28T11:32:46+00:00","dateModified":"2022-02-28T11:35:04+00:00","breadcrumb":{"@id":"https:\/\/biterna.cat\/castle-of-terror\/#breadcrumb"},"inLanguage":"es","potentialAction":[{"@type":"ReadAction","target":["https:\/\/biterna.cat\/castle-of-terror\/"]}]},{"@type":"BreadcrumbList","@id":"https:\/\/biterna.cat\/castle-of-terror\/#breadcrumb","itemListElement":[{"@type":"ListItem","position":1,"name":"Home","item":"https:\/\/biterna.cat\/"},{"@type":"ListItem","position":2,"name":"Castle of Terror"}]},{"@type":"WebSite","@id":"https:\/\/biterna.cat\/#website","url":"https:\/\/biterna.cat\/","name":"Biterna","description":"Biterna.cat","publisher":{"@id":"https:\/\/biterna.cat\/#organization"},"potentialAction":[{"@type":"SearchAction","target":{"@type":"EntryPoint","urlTemplate":"https:\/\/biterna.cat\/?s={search_term_string}"},"query-input":{"@type":"PropertyValueSpecification","valueRequired":true,"valueName":"search_term_string"}}],"inLanguage":"es"},{"@type":"Organization","@id":"https:\/\/biterna.cat\/#organization","name":"Biterna","url":"https:\/\/biterna.cat\/","logo":{"@type":"ImageObject","inLanguage":"es","@id":"https:\/\/biterna.cat\/#\/schema\/logo\/image\/","url":"https:\/\/biterna.cat\/wp-content\/uploads\/2022\/01\/LogoWEB-2.png","contentUrl":"https:\/\/biterna.cat\/wp-content\/uploads\/2022\/01\/LogoWEB-2.png","width":145,"height":250,"caption":"Biterna"},"image":{"@id":"https:\/\/biterna.cat\/#\/schema\/logo\/image\/"}}]}},"_links":{"self":[{"href":"https:\/\/biterna.cat\/es\/wp-json\/wp\/v2\/pages\/605","targetHints":{"allow":["GET"]}}],"collection":[{"href":"https:\/\/biterna.cat\/es\/wp-json\/wp\/v2\/pages"}],"about":[{"href":"https:\/\/biterna.cat\/es\/wp-json\/wp\/v2\/types\/page"}],"author":[{"embeddable":true,"href":"https:\/\/biterna.cat\/es\/wp-json\/wp\/v2\/users\/1"}],"replies":[{"embeddable":true,"href":"https:\/\/biterna.cat\/es\/wp-json\/wp\/v2\/comments?post=605"}],"version-history":[{"count":4,"href":"https:\/\/biterna.cat\/es\/wp-json\/wp\/v2\/pages\/605\/revisions"}],"predecessor-version":[{"id":608,"href":"https:\/\/biterna.cat\/es\/wp-json\/wp\/v2\/pages\/605\/revisions\/608"}],"wp:attachment":[{"href":"https:\/\/biterna.cat\/es\/wp-json\/wp\/v2\/media?parent=605"}],"curies":[{"name":"wp","href":"https:\/\/api.w.org\/{rel}","templated":true}]}}