{"id":85,"date":"2022-01-12T20:55:07","date_gmt":"2022-01-12T20:55:07","guid":{"rendered":"https:\/\/biterna.cat\/?page_id=85"},"modified":"2022-02-01T17:40:58","modified_gmt":"2022-02-01T17:40:58","slug":"la-vila-de-terrassa","status":"publish","type":"page","link":"https:\/\/biterna.cat\/es\/la-vila-de-terrassa\/","title":{"rendered":"La vila de Terrassa"},"content":{"rendered":"<h3 style=\"text-align: center;\"><img loading=\"lazy\" decoding=\"async\" class=\"aligncenter wp-image-590\" src=\"https:\/\/biterna.cat\/wp-content\/uploads\/2022\/02\/VilaPast.png\" alt=\"\" width=\"250\" height=\"183\" srcset=\"https:\/\/biterna.cat\/wp-content\/uploads\/2022\/02\/VilaPast.png 285w, https:\/\/biterna.cat\/wp-content\/uploads\/2022\/02\/VilaPast-16x12.png 16w\" sizes=\"auto, (max-width: 250px) 100vw, 250px\" \/><\/h3>\n<h3 style=\"text-align: center;\"><strong>Un videojuego sobre la historia de Terrassa<\/strong><\/h3>\n<p style=\"text-align: justify;\">Proyecto de recreo en 3D del aspecto de la Villa de Terrassa durante el S.XV a partir de la documentaci\u00f3n existente y de las excavaciones realizadas. <strong>Vila de Terrassa<\/strong> durant el S.XV a partir de la documentaci\u00f3 existent i de les excavacions realitzades.<\/p>\n<p style=\"text-align: center;\"><img loading=\"lazy\" decoding=\"async\" class=\"aligncenter wp-image-565\" src=\"https:\/\/biterna.cat\/wp-content\/uploads\/2022\/02\/VilaTerrassa.jpg\" alt=\"\" width=\"500\" height=\"276\" srcset=\"https:\/\/biterna.cat\/wp-content\/uploads\/2022\/02\/VilaTerrassa.jpg 600w, https:\/\/biterna.cat\/wp-content\/uploads\/2022\/02\/VilaTerrassa-300x166.jpg 300w, https:\/\/biterna.cat\/wp-content\/uploads\/2022\/02\/VilaTerrassa-18x10.jpg 18w\" sizes=\"auto, (max-width: 500px) 100vw, 500px\" \/><\/p>\n<p style=\"text-align: center;\"><img loading=\"lazy\" decoding=\"async\" class=\"aligncenter wp-image-566\" src=\"https:\/\/biterna.cat\/wp-content\/uploads\/2022\/02\/VilaTerrassa2.jpg\" alt=\"\" width=\"500\" height=\"276\" srcset=\"https:\/\/biterna.cat\/wp-content\/uploads\/2022\/02\/VilaTerrassa2.jpg 600w, https:\/\/biterna.cat\/wp-content\/uploads\/2022\/02\/VilaTerrassa2-300x166.jpg 300w, https:\/\/biterna.cat\/wp-content\/uploads\/2022\/02\/VilaTerrassa2-18x10.jpg 18w\" sizes=\"auto, (max-width: 500px) 100vw, 500px\" \/><\/p>\n<p style=\"text-align: justify;\">La mec\u00e1nica del videojuego consiste en un recorrido en primera persona por diferentes localizaciones de la villa donde el jugador podr\u00e1 interactuar con varios personajes que le instar\u00e1n a completar una serie de objetivos dispersos por el mapa.<\/p>\n<p style=\"text-align: center;\"><img loading=\"lazy\" decoding=\"async\" class=\"aligncenter wp-image-575\" src=\"https:\/\/biterna.cat\/wp-content\/uploads\/2022\/02\/VilaTerrassa3.jpg\" alt=\"\" width=\"500\" height=\"176\" srcset=\"https:\/\/biterna.cat\/wp-content\/uploads\/2022\/02\/VilaTerrassa3.jpg 600w, https:\/\/biterna.cat\/wp-content\/uploads\/2022\/02\/VilaTerrassa3-300x106.jpg 300w, https:\/\/biterna.cat\/wp-content\/uploads\/2022\/02\/VilaTerrassa3-18x6.jpg 18w\" sizes=\"auto, (max-width: 500px) 100vw, 500px\" \/><\/p>","protected":false},"excerpt":{"rendered":"<p>Un videojoc sobre la hist\u00f2ria de Terrassa Projecte de recreaci\u00f3 en 3D de l&#8217;aspecte de la Vila de Terrassa durant el S.XV a partir de la documentaci\u00f3 existent i de&hellip;<\/p>","protected":false},"author":1,"featured_media":0,"parent":0,"menu_order":0,"comment_status":"closed","ping_status":"closed","template":"","meta":{"om_disable_all_campaigns":false,"ngg_post_thumbnail":0,"footnotes":""},"class_list":["post-85","page","type-page","status-publish","hentry"],"yoast_head":"<!-- This site is optimized with the Yoast SEO plugin v27.2 - https:\/\/yoast.com\/product\/yoast-seo-wordpress\/ -->\n<title>La vila de Terrassa - Biterna<\/title>\n<meta name=\"robots\" content=\"index, follow, max-snippet:-1, max-image-preview:large, max-video-preview:-1\" \/>\n<link rel=\"canonical\" href=\"https:\/\/biterna.cat\/es\/la-vila-de-terrassa\/\" \/>\n<meta property=\"og:locale\" content=\"es_ES\" \/>\n<meta property=\"og:type\" content=\"article\" \/>\n<meta property=\"og:title\" content=\"La vila de Terrassa - Biterna\" \/>\n<meta property=\"og:description\" content=\"Un videojoc sobre la hist\u00f2ria de Terrassa Projecte de recreaci\u00f3 en 3D de l&#8217;aspecte de la Vila de Terrassa durant el S.XV a partir de la documentaci\u00f3 existent i de&hellip;\" \/>\n<meta property=\"og:url\" content=\"https:\/\/biterna.cat\/es\/la-vila-de-terrassa\/\" \/>\n<meta property=\"og:site_name\" content=\"Biterna\" \/>\n<meta property=\"article:modified_time\" content=\"2022-02-01T17:40:58+00:00\" \/>\n<meta property=\"og:image\" content=\"https:\/\/biterna.cat\/wp-content\/uploads\/2022\/02\/VilaPast.png\" \/>\n<meta name=\"twitter:card\" content=\"summary_large_image\" \/>\n<meta name=\"twitter:label1\" content=\"Tiempo de lectura\" \/>\n\t<meta name=\"twitter:data1\" content=\"2 minutos\" \/>\n<script type=\"application\/ld+json\" class=\"yoast-schema-graph\">{\"@context\":\"https:\/\/schema.org\",\"@graph\":[{\"@type\":\"WebPage\",\"@id\":\"https:\/\/biterna.cat\/la-vila-de-terrassa\/\",\"url\":\"https:\/\/biterna.cat\/la-vila-de-terrassa\/\",\"name\":\"La vila de Terrassa - Biterna\",\"isPartOf\":{\"@id\":\"https:\/\/biterna.cat\/#website\"},\"primaryImageOfPage\":{\"@id\":\"https:\/\/biterna.cat\/la-vila-de-terrassa\/#primaryimage\"},\"image\":{\"@id\":\"https:\/\/biterna.cat\/la-vila-de-terrassa\/#primaryimage\"},\"thumbnailUrl\":\"https:\/\/biterna.cat\/wp-content\/uploads\/2022\/02\/VilaPast.png\",\"datePublished\":\"2022-01-12T20:55:07+00:00\",\"dateModified\":\"2022-02-01T17:40:58+00:00\",\"breadcrumb\":{\"@id\":\"https:\/\/biterna.cat\/la-vila-de-terrassa\/#breadcrumb\"},\"inLanguage\":\"es\",\"potentialAction\":[{\"@type\":\"ReadAction\",\"target\":[\"https:\/\/biterna.cat\/la-vila-de-terrassa\/\"]}]},{\"@type\":\"ImageObject\",\"inLanguage\":\"es\",\"@id\":\"https:\/\/biterna.cat\/la-vila-de-terrassa\/#primaryimage\",\"url\":\"https:\/\/biterna.cat\/wp-content\/uploads\/2022\/02\/VilaPast.png\",\"contentUrl\":\"https:\/\/biterna.cat\/wp-content\/uploads\/2022\/02\/VilaPast.png\"},{\"@type\":\"BreadcrumbList\",\"@id\":\"https:\/\/biterna.cat\/la-vila-de-terrassa\/#breadcrumb\",\"itemListElement\":[{\"@type\":\"ListItem\",\"position\":1,\"name\":\"Home\",\"item\":\"https:\/\/biterna.cat\/\"},{\"@type\":\"ListItem\",\"position\":2,\"name\":\"La vila de Terrassa\"}]},{\"@type\":\"WebSite\",\"@id\":\"https:\/\/biterna.cat\/#website\",\"url\":\"https:\/\/biterna.cat\/\",\"name\":\"Biterna\",\"description\":\"Biterna.cat\",\"publisher\":{\"@id\":\"https:\/\/biterna.cat\/#organization\"},\"potentialAction\":[{\"@type\":\"SearchAction\",\"target\":{\"@type\":\"EntryPoint\",\"urlTemplate\":\"https:\/\/biterna.cat\/?s={search_term_string}\"},\"query-input\":{\"@type\":\"PropertyValueSpecification\",\"valueRequired\":true,\"valueName\":\"search_term_string\"}}],\"inLanguage\":\"es\"},{\"@type\":\"Organization\",\"@id\":\"https:\/\/biterna.cat\/#organization\",\"name\":\"Biterna\",\"url\":\"https:\/\/biterna.cat\/\",\"logo\":{\"@type\":\"ImageObject\",\"inLanguage\":\"es\",\"@id\":\"https:\/\/biterna.cat\/#\/schema\/logo\/image\/\",\"url\":\"https:\/\/biterna.cat\/wp-content\/uploads\/2022\/01\/LogoWEB-2.png\",\"contentUrl\":\"https:\/\/biterna.cat\/wp-content\/uploads\/2022\/01\/LogoWEB-2.png\",\"width\":145,\"height\":250,\"caption\":\"Biterna\"},\"image\":{\"@id\":\"https:\/\/biterna.cat\/#\/schema\/logo\/image\/\"}}]}<\/script>\n<!-- \/ Yoast SEO plugin. -->","yoast_head_json":{"title":"La vila de Terrassa - Biterna","robots":{"index":"index","follow":"follow","max-snippet":"max-snippet:-1","max-image-preview":"max-image-preview:large","max-video-preview":"max-video-preview:-1"},"canonical":"https:\/\/biterna.cat\/es\/la-vila-de-terrassa\/","og_locale":"es_ES","og_type":"article","og_title":"La vila de Terrassa - Biterna","og_description":"Un videojoc sobre la hist\u00f2ria de Terrassa Projecte de recreaci\u00f3 en 3D de l&#8217;aspecte de la Vila de Terrassa durant el S.XV a partir de la documentaci\u00f3 existent i de&hellip;","og_url":"https:\/\/biterna.cat\/es\/la-vila-de-terrassa\/","og_site_name":"Biterna","article_modified_time":"2022-02-01T17:40:58+00:00","og_image":[{"url":"https:\/\/biterna.cat\/wp-content\/uploads\/2022\/02\/VilaPast.png","type":"","width":"","height":""}],"twitter_card":"summary_large_image","twitter_misc":{"Tiempo de lectura":"2 minutos"},"schema":{"@context":"https:\/\/schema.org","@graph":[{"@type":"WebPage","@id":"https:\/\/biterna.cat\/la-vila-de-terrassa\/","url":"https:\/\/biterna.cat\/la-vila-de-terrassa\/","name":"La vila de Terrassa - Biterna","isPartOf":{"@id":"https:\/\/biterna.cat\/#website"},"primaryImageOfPage":{"@id":"https:\/\/biterna.cat\/la-vila-de-terrassa\/#primaryimage"},"image":{"@id":"https:\/\/biterna.cat\/la-vila-de-terrassa\/#primaryimage"},"thumbnailUrl":"https:\/\/biterna.cat\/wp-content\/uploads\/2022\/02\/VilaPast.png","datePublished":"2022-01-12T20:55:07+00:00","dateModified":"2022-02-01T17:40:58+00:00","breadcrumb":{"@id":"https:\/\/biterna.cat\/la-vila-de-terrassa\/#breadcrumb"},"inLanguage":"es","potentialAction":[{"@type":"ReadAction","target":["https:\/\/biterna.cat\/la-vila-de-terrassa\/"]}]},{"@type":"ImageObject","inLanguage":"es","@id":"https:\/\/biterna.cat\/la-vila-de-terrassa\/#primaryimage","url":"https:\/\/biterna.cat\/wp-content\/uploads\/2022\/02\/VilaPast.png","contentUrl":"https:\/\/biterna.cat\/wp-content\/uploads\/2022\/02\/VilaPast.png"},{"@type":"BreadcrumbList","@id":"https:\/\/biterna.cat\/la-vila-de-terrassa\/#breadcrumb","itemListElement":[{"@type":"ListItem","position":1,"name":"Home","item":"https:\/\/biterna.cat\/"},{"@type":"ListItem","position":2,"name":"La vila de Terrassa"}]},{"@type":"WebSite","@id":"https:\/\/biterna.cat\/#website","url":"https:\/\/biterna.cat\/","name":"Biterna","description":"Biterna.cat","publisher":{"@id":"https:\/\/biterna.cat\/#organization"},"potentialAction":[{"@type":"SearchAction","target":{"@type":"EntryPoint","urlTemplate":"https:\/\/biterna.cat\/?s={search_term_string}"},"query-input":{"@type":"PropertyValueSpecification","valueRequired":true,"valueName":"search_term_string"}}],"inLanguage":"es"},{"@type":"Organization","@id":"https:\/\/biterna.cat\/#organization","name":"Biterna","url":"https:\/\/biterna.cat\/","logo":{"@type":"ImageObject","inLanguage":"es","@id":"https:\/\/biterna.cat\/#\/schema\/logo\/image\/","url":"https:\/\/biterna.cat\/wp-content\/uploads\/2022\/01\/LogoWEB-2.png","contentUrl":"https:\/\/biterna.cat\/wp-content\/uploads\/2022\/01\/LogoWEB-2.png","width":145,"height":250,"caption":"Biterna"},"image":{"@id":"https:\/\/biterna.cat\/#\/schema\/logo\/image\/"}}]}},"_links":{"self":[{"href":"https:\/\/biterna.cat\/es\/wp-json\/wp\/v2\/pages\/85","targetHints":{"allow":["GET"]}}],"collection":[{"href":"https:\/\/biterna.cat\/es\/wp-json\/wp\/v2\/pages"}],"about":[{"href":"https:\/\/biterna.cat\/es\/wp-json\/wp\/v2\/types\/page"}],"author":[{"embeddable":true,"href":"https:\/\/biterna.cat\/es\/wp-json\/wp\/v2\/users\/1"}],"replies":[{"embeddable":true,"href":"https:\/\/biterna.cat\/es\/wp-json\/wp\/v2\/comments?post=85"}],"version-history":[{"count":26,"href":"https:\/\/biterna.cat\/es\/wp-json\/wp\/v2\/pages\/85\/revisions"}],"predecessor-version":[{"id":602,"href":"https:\/\/biterna.cat\/es\/wp-json\/wp\/v2\/pages\/85\/revisions\/602"}],"wp:attachment":[{"href":"https:\/\/biterna.cat\/es\/wp-json\/wp\/v2\/media?parent=85"}],"curies":[{"name":"wp","href":"https:\/\/api.w.org\/{rel}","templated":true}]}}